{"id":131,"date":"2023-09-26T17:36:03","date_gmt":"2023-09-26T15:36:03","guid":{"rendered":"http:\/\/greenkeepers.lockedgroove.de\/?page_id=131"},"modified":"2023-11-02T00:21:40","modified_gmt":"2023-11-01T23:21:40","slug":"beratung","status":"publish","type":"page","link":"https:\/\/green-keepers.de\/en\/beratung\/","title":{"rendered":"Beratung"},"content":{"rendered":"<p>Die <a href=\"https:\/\/green-keepers.de\/en\/verein\/\">Anbauvereinigung greenkeepers Leipzig<\/a> ist von dem Anspruch geleitet, legal, sicher und vertrauensvoll Cannabis gemeinschaftlich anzubauen und an die Mitglieder des Vereins weiterzugeben. Der umfassende Schutz von Kindern, Jugendlichen, jungen Erwachsenen sowie gef\u00e4hrdeten Personen ist dabei besonders wichtig.<\/p>\n\n\n\n<p>Hierzu kooperieren wir mit lokalen Fachberatungsstellen, sind proaktiv in Netzwerken und Gremien vertreten und haben ein eigenes Beratungssystem f\u00fcr Pr\u00e4vention und Jugendschutz installiert. Eine p\u00e4dagogisch und suchttherapeutisch qualifizierte sonderbeauftragte Person stellt die Einhaltung professioneller Standards sicher.<\/p>\n\n\n\n<p>Um Cannabis legal, sicher und vertrauensvoll zu konsumieren, bedarf es grundlegender Kompetenzen im Umgang mit rauschf\u00f6rdernden Substanzen. Unser Schutzansatz basiert auf Pr\u00e4vention und Aufkl\u00e4rung zu Ursache, Wirkung und Risiken im Umgang mit Cannabis. Dabei gibt es viele Fragen und noch mehr Antworten. Wir helfen dir, damit du sicher und gesund bleibst. Eine Sammlung von Fragen und Antworten zum Thema Gesundheit und Kompetenter Konsum findest du <a href=\"https:\/\/green-keepers.de\/en\/gesundheit\/\">hier<\/a>.<\/p>\n\n\n\n<p>Bei Fragen zu Pr\u00e4vention, Jugendschutz, Konsum und Risiko, kannst du dich vertraulich an die sonderbeauftragte Person im Verein wenden.<\/p>\n\n\n\n<div style=\"height:19px\" aria-hidden=\"true\" class=\"wp-block-spacer\"><\/div>\n\n\n\n<div class=\"wp-block-group alignfull is-layout-constrained wp-container-core-group-is-layout-b1ee562b wp-block-group-is-layout-constrained\" style=\"margin-top:0px;margin-bottom:0px;padding-top:64px;padding-bottom:64px\">\n<div class=\"wp-block-columns alignwide is-layout-flex wp-container-core-columns-is-layout-28f84493 wp-block-columns-is-layout-flex\">\n<div class=\"wp-block-column is-vertically-aligned-center is-layout-flow wp-block-column-is-layout-flow\">\n<h2 class=\"wp-block-heading\">Mehr Infos<\/h2>\n\n\n\n<p>Hier findest du Kontakt zur sonderbeauftragten Person und Anlaufstellen in Leipzig<\/p>\n<\/div>\n\n\n\n<div class=\"wp-block-column is-layout-flow wp-block-column-is-layout-flow\">\n<figure class=\"wp-block-gallery has-nested-images columns-default is-cropped wp-block-gallery-1 is-layout-flex wp-block-gallery-is-layout-flex\">\n<figure class=\"wp-block-image size-large size-full\"><img loading=\"lazy\" decoding=\"async\" width=\"500\" height=\"423\" data-id=\"1542\" src=\"https:\/\/green-keepers.de\/wp-content\/uploads\/2023\/10\/Bildschirmfoto-2023-10-27-um-00.10.32-500x423.png\" alt=\"Cannabispraevention\" class=\"wp-image-1542\" style=\"aspect-ratio:1.5015015015015014\" srcset=\"https:\/\/green-keepers.de\/wp-content\/uploads\/2023\/10\/Bildschirmfoto-2023-10-27-um-00.10.32-500x423.png 500w, https:\/\/green-keepers.de\/wp-content\/uploads\/2023\/10\/Bildschirmfoto-2023-10-27-um-00.10.32-600x508.png 600w, https:\/\/green-keepers.de\/wp-content\/uploads\/2023\/10\/Bildschirmfoto-2023-10-27-um-00.10.32-200x169.png 200w, https:\/\/green-keepers.de\/wp-content\/uploads\/2023\/10\/Bildschirmfoto-2023-10-27-um-00.10.32.png 640w\" sizes=\"auto, (max-width: 500px) 100vw, 500px\" \/><figcaption class=\"wp-element-caption\">https:\/\/www.cannabispraevention.de<\/figcaption><\/figure>\n<\/figure>\n<\/div>\n\n\n\n<div class=\"wp-block-column is-layout-flow wp-block-column-is-layout-flow\">\n<figure class=\"wp-block-gallery has-nested-images columns-default is-cropped wp-block-gallery-2 is-layout-flex wp-block-gallery-is-layout-flex\">\n<figure class=\"wp-block-image size-large size-full\"><img loading=\"lazy\" decoding=\"async\" width=\"500\" height=\"375\" data-id=\"344\" src=\"https:\/\/green-keepers.de\/wp-content\/uploads\/2023\/10\/paul-kapischka-T0ir7bri0fc-unsplash-1-500x375.jpg\" alt=\"Foto von historischen H\u00e4userfassaden mit Rathausturm von Leipzig\" class=\"wp-image-344\" style=\"aspect-ratio:1.3333333333333333\" srcset=\"https:\/\/green-keepers.de\/wp-content\/uploads\/2023\/10\/paul-kapischka-T0ir7bri0fc-unsplash-1-500x375.jpg 500w, https:\/\/green-keepers.de\/wp-content\/uploads\/2023\/10\/paul-kapischka-T0ir7bri0fc-unsplash-1-scaled-800x600.jpg 800w, https:\/\/green-keepers.de\/wp-content\/uploads\/2023\/10\/paul-kapischka-T0ir7bri0fc-unsplash-1-200x150.jpg 200w, https:\/\/green-keepers.de\/wp-content\/uploads\/2023\/10\/paul-kapischka-T0ir7bri0fc-unsplash-1-1600x1200.jpg 1600w, https:\/\/green-keepers.de\/wp-content\/uploads\/2023\/10\/paul-kapischka-T0ir7bri0fc-unsplash-1-1320x990.jpg 1320w, https:\/\/green-keepers.de\/wp-content\/uploads\/2023\/10\/paul-kapischka-T0ir7bri0fc-unsplash-1-768x576.jpg 768w, https:\/\/green-keepers.de\/wp-content\/uploads\/2023\/10\/paul-kapischka-T0ir7bri0fc-unsplash-1-1536x1152.jpg 1536w, https:\/\/green-keepers.de\/wp-content\/uploads\/2023\/10\/paul-kapischka-T0ir7bri0fc-unsplash-1-2048x1536.jpg 2048w, https:\/\/green-keepers.de\/wp-content\/uploads\/2023\/10\/paul-kapischka-T0ir7bri0fc-unsplash-1-300x225.jpg 300w, https:\/\/green-keepers.de\/wp-content\/uploads\/2023\/10\/paul-kapischka-T0ir7bri0fc-unsplash-1-1024x768.jpg 1024w\" sizes=\"auto, (max-width: 500px) 100vw, 500px\" \/><figcaption class=\"wp-element-caption\">Paul Kapischka auf Unsplash<\/figcaption><\/figure>\n<\/figure>\n<\/div>\n<\/div>\n\n\n\n<div class=\"wp-block-columns alignwide is-layout-flex wp-container-core-columns-is-layout-28f84493 wp-block-columns-is-layout-flex\">\n<div class=\"wp-block-column is-vertically-aligned-top is-layout-flow wp-block-column-is-layout-flow\" style=\"flex-basis:66%\">\n<figure class=\"wp-block-image alignleft size-large size-full\"><img loading=\"lazy\" decoding=\"async\" width=\"500\" height=\"333\" src=\"https:\/\/green-keepers.de\/wp-content\/uploads\/2023\/10\/christina-wocintechchat-com-eF7HN40WbAQ-unsplash-500x333.jpg\" alt=\"\" class=\"wp-image-1541\" srcset=\"https:\/\/green-keepers.de\/wp-content\/uploads\/2023\/10\/christina-wocintechchat-com-eF7HN40WbAQ-unsplash-500x333.jpg 500w, https:\/\/green-keepers.de\/wp-content\/uploads\/2023\/10\/christina-wocintechchat-com-eF7HN40WbAQ-unsplash-scaled-800x533.jpg 800w, https:\/\/green-keepers.de\/wp-content\/uploads\/2023\/10\/christina-wocintechchat-com-eF7HN40WbAQ-unsplash-200x133.jpg 200w, https:\/\/green-keepers.de\/wp-content\/uploads\/2023\/10\/christina-wocintechchat-com-eF7HN40WbAQ-unsplash-768x512.jpg 768w, https:\/\/green-keepers.de\/wp-content\/uploads\/2023\/10\/christina-wocintechchat-com-eF7HN40WbAQ-unsplash-1600x1067.jpg 1600w, https:\/\/green-keepers.de\/wp-content\/uploads\/2023\/10\/christina-wocintechchat-com-eF7HN40WbAQ-unsplash-1536x1024.jpg 1536w, https:\/\/green-keepers.de\/wp-content\/uploads\/2023\/10\/christina-wocintechchat-com-eF7HN40WbAQ-unsplash-2048x1365.jpg 2048w, https:\/\/green-keepers.de\/wp-content\/uploads\/2023\/10\/christina-wocintechchat-com-eF7HN40WbAQ-unsplash-1320x880.jpg 1320w\" sizes=\"auto, (max-width: 500px) 100vw, 500px\" \/><\/figure>\n<\/div>\n\n\n\n<div class=\"wp-block-column is-vertically-aligned-bottom is-layout-flow wp-block-column-is-layout-flow\">\n<p class=\"has-medium-font-size\">&#8222;Wir unterst\u00fctzen dich vertraulich und professionell bei Fragen und Problemen&#8220; <\/p>\n\n\n\n<p><\/p>\n\n\n\n<div class=\"wp-block-buttons is-content-justification-left is-layout-flex wp-container-core-buttons-is-layout-fc4fd283 wp-block-buttons-is-layout-flex\">\n<div class=\"wp-block-button is-style-fill\"><a class=\"wp-block-button__link wp-element-button\" href=\"mailto:beratung@green-keepers.de\">Vertraulich anfragen<\/a><\/div>\n<\/div>\n<\/div>\n<\/div>\n<\/div>","protected":false},"excerpt":{"rendered":"<p>Die Anbauvereinigung greenkeepers Leipzig ist von dem Anspruch geleitet, legal, sicher und vertrauensvoll Cannabis gemeinschaftlich anzubauen und an die Mitglieder des Vereins weiterzugeben. Der umfassende Schutz von Kindern, Jugendlichen, jungen Erwachsenen sowie gef\u00e4hrdeten Personen ist dabei besonders wichtig. Hierzu kooperieren wir mit lokalen Fachberatungsstellen, sind proaktiv in Netzwerken und Gremien vertreten und haben ein eigenes [&hellip;]<\/p>","protected":false},"author":2,"featured_media":108,"parent":0,"menu_order":0,"comment_status":"closed","ping_status":"closed","template":"","meta":{"_uag_custom_page_level_css":"","_themeisle_gutenberg_block_has_review":false,"footnotes":""},"class_list":["post-131","page","type-page","status-publish","has-post-thumbnail","hentry"],"yoast_head":"<!-- This site is optimized with the Yoast SEO plugin v26.1.1 - https:\/\/yoast.com\/wordpress\/plugins\/seo\/ -->\n<title>Beratung - Anbauvereinigung greenkeepers Leipzig e.V. - Dein Cannabis Social Club - in Leipzig Deine Anbauvereinigung - Dein Cannabis Social Club - in Leipzig<\/title>\n<meta name=\"description\" content=\"Wir sind von dem Anspruch geleitet, Cannabis legal, sicher und vertrauensvoll anzubauen und weiterzugeben. Bei Fragen beraten wir dich gern\" \/>\n<meta name=\"robots\" content=\"index, follow, max-snippet:-1, max-image-preview:large, max-video-preview:-1\" \/>\n<link rel=\"canonical\" href=\"https:\/\/green-keepers.de\/en\/beratung\/\" \/>\n<meta property=\"og:locale\" content=\"en_US\" \/>\n<meta property=\"og:type\" content=\"article\" \/>\n<meta property=\"og:title\" content=\"Beratung - Anbauvereinigung greenkeepers Leipzig e.V. - Dein Cannabis Social Club - in Leipzig Deine Anbauvereinigung - Dein Cannabis Social Club - in Leipzig\" \/>\n<meta property=\"og:description\" content=\"Wir sind von dem Anspruch geleitet, Cannabis legal, sicher und vertrauensvoll anzubauen und weiterzugeben. Bei Fragen beraten wir dich gern\" \/>\n<meta property=\"og:url\" content=\"https:\/\/green-keepers.de\/en\/beratung\/\" \/>\n<meta property=\"og:site_name\" content=\"Anbauvereinigung greenkeepers Leipzig e.V. - Dein Cannabis Social Club - in Leipzig\" \/>\n<meta property=\"article:publisher\" content=\"https:\/\/facebook.com\/greenkeepersleipzig\" \/>\n<meta property=\"article:modified_time\" content=\"2023-11-01T23:21:40+00:00\" \/>\n<meta property=\"og:image\" content=\"https:\/\/green-keepers.de\/wp-content\/uploads\/2023\/09\/julia-taubitz-CCc_c1nsAU0-unsplash-scaled.jpg\" \/>\n\t<meta property=\"og:image:width\" content=\"2560\" \/>\n\t<meta property=\"og:image:height\" content=\"1707\" \/>\n\t<meta property=\"og:image:type\" content=\"image\/jpeg\" \/>\n<meta name=\"twitter:card\" content=\"summary_large_image\" \/>\n<meta name=\"twitter:site\" content=\"@greenkeepersLE\" \/>\n<meta name=\"twitter:label1\" content=\"Est. reading time\" \/>\n\t<meta name=\"twitter:data1\" content=\"2 minutes\" \/>\n<script type=\"application\/ld+json\" class=\"yoast-schema-graph\">{\"@context\":\"https:\/\/schema.org\",\"@graph\":[{\"@type\":\"WebPage\",\"@id\":\"https:\/\/green-keepers.de\/beratung\/\",\"url\":\"https:\/\/green-keepers.de\/beratung\/\",\"name\":\"Beratung - Anbauvereinigung greenkeepers Leipzig e.V. - Dein Cannabis Social Club - in Leipzig Deine Anbauvereinigung - Dein Cannabis Social Club - in Leipzig\",\"isPartOf\":{\"@id\":\"https:\/\/green-keepers.de\/#website\"},\"primaryImageOfPage\":{\"@id\":\"https:\/\/green-keepers.de\/beratung\/#primaryimage\"},\"image\":{\"@id\":\"https:\/\/green-keepers.de\/beratung\/#primaryimage\"},\"thumbnailUrl\":\"https:\/\/green-keepers.de\/wp-content\/uploads\/2023\/09\/julia-taubitz-CCc_c1nsAU0-unsplash-scaled.jpg\",\"datePublished\":\"2023-09-26T15:36:03+00:00\",\"dateModified\":\"2023-11-01T23:21:40+00:00\",\"description\":\"Wir sind von dem Anspruch geleitet, Cannabis legal, sicher und vertrauensvoll anzubauen und weiterzugeben. Bei Fragen beraten wir dich gern\",\"breadcrumb\":{\"@id\":\"https:\/\/green-keepers.de\/beratung\/#breadcrumb\"},\"inLanguage\":\"en-US\",\"potentialAction\":[{\"@type\":\"ReadAction\",\"target\":[\"https:\/\/green-keepers.de\/beratung\/\"]}]},{\"@type\":\"ImageObject\",\"inLanguage\":\"en-US\",\"@id\":\"https:\/\/green-keepers.de\/beratung\/#primaryimage\",\"url\":\"https:\/\/green-keepers.de\/wp-content\/uploads\/2023\/09\/julia-taubitz-CCc_c1nsAU0-unsplash-scaled.jpg\",\"contentUrl\":\"https:\/\/green-keepers.de\/wp-content\/uploads\/2023\/09\/julia-taubitz-CCc_c1nsAU0-unsplash-scaled.jpg\",\"width\":2560,\"height\":1707,\"caption\":\"Foto von\u00a0Julia Taubitz\u00a0auf\u00a0Unsplash\"},{\"@type\":\"BreadcrumbList\",\"@id\":\"https:\/\/green-keepers.de\/beratung\/#breadcrumb\",\"itemListElement\":[{\"@type\":\"ListItem\",\"position\":1,\"name\":\"Startseite\",\"item\":\"https:\/\/green-keepers.de\/\"},{\"@type\":\"ListItem\",\"position\":2,\"name\":\"Beratung\"}]},{\"@type\":\"WebSite\",\"@id\":\"https:\/\/green-keepers.de\/#website\",\"url\":\"https:\/\/green-keepers.de\/\",\"name\":\"Anbauvereinigung greenkeepers Leipzig e.V. - Dein Cannabis Social Club - in Leipzig\",\"description\":\"Deine Anbauvereinigung - Dein Cannabis Social Club -  in Leipzig\",\"publisher\":{\"@id\":\"https:\/\/green-keepers.de\/#organization\"},\"potentialAction\":[{\"@type\":\"SearchAction\",\"target\":{\"@type\":\"EntryPoint\",\"urlTemplate\":\"https:\/\/green-keepers.de\/?s={search_term_string}\"},\"query-input\":{\"@type\":\"PropertyValueSpecification\",\"valueRequired\":true,\"valueName\":\"search_term_string\"}}],\"inLanguage\":\"en-US\"},{\"@type\":\"Organization\",\"@id\":\"https:\/\/green-keepers.de\/#organization\",\"name\":\"Anbauvereinigung greenkeepers Leipzig e.V.\",\"alternateName\":\"greenkeepers cannabis social club Leipzig\",\"url\":\"https:\/\/green-keepers.de\/\",\"logo\":{\"@type\":\"ImageObject\",\"inLanguage\":\"en-US\",\"@id\":\"https:\/\/green-keepers.de\/#\/schema\/logo\/image\/\",\"url\":\"https:\/\/green-keepers.de\/wp-content\/uploads\/2025\/09\/nur-logosmall-scaled.png\",\"contentUrl\":\"https:\/\/green-keepers.de\/wp-content\/uploads\/2025\/09\/nur-logosmall-scaled.png\",\"width\":2560,\"height\":2560,\"caption\":\"Anbauvereinigung greenkeepers Leipzig e.V.\"},\"image\":{\"@id\":\"https:\/\/green-keepers.de\/#\/schema\/logo\/image\/\"},\"sameAs\":[\"https:\/\/facebook.com\/greenkeepersleipzig\",\"https:\/\/x.com\/greenkeepersLE\",\"https:\/\/instagram.com\/greenkeepersleipzig\"]}]}<\/script>\n<!-- \/ Yoast SEO plugin. -->","yoast_head_json":{"title":"Beratung - Anbauvereinigung greenkeepers Leipzig e.V. - Dein Cannabis Social Club - in Leipzig Deine Anbauvereinigung - Dein Cannabis Social Club - in Leipzig","description":"Wir sind von dem Anspruch geleitet, Cannabis legal, sicher und vertrauensvoll anzubauen und weiterzugeben. Bei Fragen beraten wir dich gern","robots":{"index":"index","follow":"follow","max-snippet":"max-snippet:-1","max-image-preview":"max-image-preview:large","max-video-preview":"max-video-preview:-1"},"canonical":"https:\/\/green-keepers.de\/en\/beratung\/","og_locale":"en_US","og_type":"article","og_title":"Beratung - Anbauvereinigung greenkeepers Leipzig e.V. - Dein Cannabis Social Club - in Leipzig Deine Anbauvereinigung - Dein Cannabis Social Club - in Leipzig","og_description":"Wir sind von dem Anspruch geleitet, Cannabis legal, sicher und vertrauensvoll anzubauen und weiterzugeben. Bei Fragen beraten wir dich gern","og_url":"https:\/\/green-keepers.de\/en\/beratung\/","og_site_name":"Anbauvereinigung greenkeepers Leipzig e.V. - Dein Cannabis Social Club - in Leipzig","article_publisher":"https:\/\/facebook.com\/greenkeepersleipzig","article_modified_time":"2023-11-01T23:21:40+00:00","og_image":[{"width":2560,"height":1707,"url":"https:\/\/green-keepers.de\/wp-content\/uploads\/2023\/09\/julia-taubitz-CCc_c1nsAU0-unsplash-scaled.jpg","type":"image\/jpeg"}],"twitter_card":"summary_large_image","twitter_site":"@greenkeepersLE","twitter_misc":{"Est. reading time":"2 minutes"},"schema":{"@context":"https:\/\/schema.org","@graph":[{"@type":"WebPage","@id":"https:\/\/green-keepers.de\/beratung\/","url":"https:\/\/green-keepers.de\/beratung\/","name":"Beratung - Anbauvereinigung greenkeepers Leipzig e.V. - Dein Cannabis Social Club - in Leipzig Deine Anbauvereinigung - Dein Cannabis Social Club - in Leipzig","isPartOf":{"@id":"https:\/\/green-keepers.de\/#website"},"primaryImageOfPage":{"@id":"https:\/\/green-keepers.de\/beratung\/#primaryimage"},"image":{"@id":"https:\/\/green-keepers.de\/beratung\/#primaryimage"},"thumbnailUrl":"https:\/\/green-keepers.de\/wp-content\/uploads\/2023\/09\/julia-taubitz-CCc_c1nsAU0-unsplash-scaled.jpg","datePublished":"2023-09-26T15:36:03+00:00","dateModified":"2023-11-01T23:21:40+00:00","description":"Wir sind von dem Anspruch geleitet, Cannabis legal, sicher und vertrauensvoll anzubauen und weiterzugeben. Bei Fragen beraten wir dich gern","breadcrumb":{"@id":"https:\/\/green-keepers.de\/beratung\/#breadcrumb"},"inLanguage":"en-US","potentialAction":[{"@type":"ReadAction","target":["https:\/\/green-keepers.de\/beratung\/"]}]},{"@type":"ImageObject","inLanguage":"en-US","@id":"https:\/\/green-keepers.de\/beratung\/#primaryimage","url":"https:\/\/green-keepers.de\/wp-content\/uploads\/2023\/09\/julia-taubitz-CCc_c1nsAU0-unsplash-scaled.jpg","contentUrl":"https:\/\/green-keepers.de\/wp-content\/uploads\/2023\/09\/julia-taubitz-CCc_c1nsAU0-unsplash-scaled.jpg","width":2560,"height":1707,"caption":"Foto von\u00a0Julia Taubitz\u00a0auf\u00a0Unsplash"},{"@type":"BreadcrumbList","@id":"https:\/\/green-keepers.de\/beratung\/#breadcrumb","itemListElement":[{"@type":"ListItem","position":1,"name":"Startseite","item":"https:\/\/green-keepers.de\/"},{"@type":"ListItem","position":2,"name":"Beratung"}]},{"@type":"WebSite","@id":"https:\/\/green-keepers.de\/#website","url":"https:\/\/green-keepers.de\/","name":"Anbauvereinigung greenkeepers Leipzig e.V. - Dein Cannabis Social Club - in Leipzig","description":"Deine Anbauvereinigung - Dein Cannabis Social Club -  in Leipzig","publisher":{"@id":"https:\/\/green-keepers.de\/#organization"},"potentialAction":[{"@type":"SearchAction","target":{"@type":"EntryPoint","urlTemplate":"https:\/\/green-keepers.de\/?s={search_term_string}"},"query-input":{"@type":"PropertyValueSpecification","valueRequired":true,"valueName":"search_term_string"}}],"inLanguage":"en-US"},{"@type":"Organization","@id":"https:\/\/green-keepers.de\/#organization","name":"Anbauvereinigung greenkeepers Leipzig e.V.","alternateName":"greenkeepers cannabis social club Leipzig","url":"https:\/\/green-keepers.de\/","logo":{"@type":"ImageObject","inLanguage":"en-US","@id":"https:\/\/green-keepers.de\/#\/schema\/logo\/image\/","url":"https:\/\/green-keepers.de\/wp-content\/uploads\/2025\/09\/nur-logosmall-scaled.png","contentUrl":"https:\/\/green-keepers.de\/wp-content\/uploads\/2025\/09\/nur-logosmall-scaled.png","width":2560,"height":2560,"caption":"Anbauvereinigung greenkeepers Leipzig e.V."},"image":{"@id":"https:\/\/green-keepers.de\/#\/schema\/logo\/image\/"},"sameAs":["https:\/\/facebook.com\/greenkeepersleipzig","https:\/\/x.com\/greenkeepersLE","https:\/\/instagram.com\/greenkeepersleipzig"]}]}},"acf":[],"uagb_featured_image_src":{"full":["https:\/\/green-keepers.de\/wp-content\/uploads\/2023\/09\/julia-taubitz-CCc_c1nsAU0-unsplash-scaled.jpg",2560,1707,false],"thumbnail":["https:\/\/green-keepers.de\/wp-content\/uploads\/2023\/09\/julia-taubitz-CCc_c1nsAU0-unsplash-scaled.jpg",100,67,false],"medium":["https:\/\/green-keepers.de\/wp-content\/uploads\/2023\/09\/julia-taubitz-CCc_c1nsAU0-unsplash-scaled.jpg",200,133,false],"medium_large":["https:\/\/green-keepers.de\/wp-content\/uploads\/2023\/09\/julia-taubitz-CCc_c1nsAU0-unsplash-scaled.jpg",768,512,false],"large":["https:\/\/green-keepers.de\/wp-content\/uploads\/2023\/09\/julia-taubitz-CCc_c1nsAU0-unsplash-scaled.jpg",500,333,false],"1536x1536":["https:\/\/green-keepers.de\/wp-content\/uploads\/2023\/09\/julia-taubitz-CCc_c1nsAU0-unsplash-scaled.jpg",1536,1024,false],"2048x2048":["https:\/\/green-keepers.de\/wp-content\/uploads\/2023\/09\/julia-taubitz-CCc_c1nsAU0-unsplash-scaled.jpg",2048,1366,false],"trp-custom-language-flag":["https:\/\/green-keepers.de\/wp-content\/uploads\/2023\/09\/julia-taubitz-CCc_c1nsAU0-unsplash-scaled.jpg",18,12,false],"mailpoet_newsletter_max":["https:\/\/green-keepers.de\/wp-content\/uploads\/2023\/09\/julia-taubitz-CCc_c1nsAU0-unsplash-scaled.jpg",1320,880,false],"woocommerce_thumbnail":["https:\/\/green-keepers.de\/wp-content\/uploads\/2023\/09\/julia-taubitz-CCc_c1nsAU0-unsplash-scaled-600x800.jpg",600,800,true],"woocommerce_single":["https:\/\/green-keepers.de\/wp-content\/uploads\/2023\/09\/julia-taubitz-CCc_c1nsAU0-unsplash-scaled-800x533.jpg",800,533,true],"woocommerce_gallery_thumbnail":["https:\/\/green-keepers.de\/wp-content\/uploads\/2023\/09\/julia-taubitz-CCc_c1nsAU0-unsplash-scaled-100x100.jpg",100,100,true]},"uagb_author_info":{"display_name":"Sebastian Koch","author_link":"https:\/\/green-keepers.de\/en\/author\/sebastian\/"},"uagb_comment_info":0,"uagb_excerpt":"Die Anbauvereinigung greenkeepers Leipzig ist von dem Anspruch geleitet, legal, sicher und vertrauensvoll Cannabis gemeinschaftlich anzubauen und an die Mitglieder des Vereins weiterzugeben. Der umfassende Schutz von Kindern, Jugendlichen, jungen Erwachsenen sowie gef\u00e4hrdeten Personen ist dabei besonders wichtig. Hierzu kooperieren wir mit lokalen Fachberatungsstellen, sind proaktiv in Netzwerken und Gremien vertreten und haben ein eigenes&hellip;","_links":{"self":[{"href":"https:\/\/green-keepers.de\/en\/wp-json\/wp\/v2\/pages\/131","targetHints":{"allow":["GET"]}}],"collection":[{"href":"https:\/\/green-keepers.de\/en\/wp-json\/wp\/v2\/pages"}],"about":[{"href":"https:\/\/green-keepers.de\/en\/wp-json\/wp\/v2\/types\/page"}],"author":[{"embeddable":true,"href":"https:\/\/green-keepers.de\/en\/wp-json\/wp\/v2\/users\/2"}],"replies":[{"embeddable":true,"href":"https:\/\/green-keepers.de\/en\/wp-json\/wp\/v2\/comments?post=131"}],"version-history":[{"count":55,"href":"https:\/\/green-keepers.de\/en\/wp-json\/wp\/v2\/pages\/131\/revisions"}],"predecessor-version":[{"id":1710,"href":"https:\/\/green-keepers.de\/en\/wp-json\/wp\/v2\/pages\/131\/revisions\/1710"}],"wp:featuredmedia":[{"embeddable":true,"href":"https:\/\/green-keepers.de\/en\/wp-json\/wp\/v2\/media\/108"}],"wp:attachment":[{"href":"https:\/\/green-keepers.de\/en\/wp-json\/wp\/v2\/media?parent=131"}],"curies":[{"name":"wp","href":"https:\/\/api.w.org\/{rel}","templated":true}]}}