{"id":4930,"date":"2025-03-31T19:51:29","date_gmt":"2025-03-31T17:51:29","guid":{"rendered":"https:\/\/green-keepers.de\/?page_id=4930"},"modified":"2025-12-14T14:39:33","modified_gmt":"2025-12-14T13:39:33","slug":"entwurf-terminbuchung-abholung","status":"publish","type":"page","link":"https:\/\/green-keepers.de\/en\/entwurf-terminbuchung-abholung\/","title":{"rendered":"Terminbuchung Abholung"},"content":{"rendered":"<iframe src=\"https:\/\/green-keepers.de\/en\/wp-json\/ssa\/v1\/embed-inner?integration&type=abholtermin-3-2&label&types=9&edit&view&payment_provider&ssa_locale=en_US&ssa_is_rtl&sid=25326cb40b6784abef8bd9eb361f974eac0d8384&availability_start_date&availability_end_date&suggest_first_available&suggest_first_available_within_minutes&flow&fallback_flow&time_view&date_view&appointment_types_view&version&accent_color&background&padding&font&booking_url=https%3A%2F%2Fgreen-keepers.de%2Fen%2Fentwurf-terminbuchung-abholung%2F&booking_post_id=4930&booking_title=Terminbuchung+Abholung&_wpnonce=0c9f230ef8&redirect_post_id&mepr_membership_id#\/\" height=\"400px\" width=\"100%\" name=\"ssa_booking\" loading=\"eager\" frameborder=\"0\" data-skip-lazy=\"1\" class=\"ssa_booking_iframe skip-lazy\" title=\"Book a time\"><\/iframe>\n\n\n<iframe src=\"https:\/\/green-keepers.de\/en\/wp-json\/ssa\/v1\/embed-inner?integration&type=freitags-2&label&types=10&edit&view&payment_provider&ssa_locale=en_US&ssa_is_rtl&sid=25326cb40b6784abef8bd9eb361f974eac0d8384&availability_start_date&availability_end_date&suggest_first_available&suggest_first_available_within_minutes&flow&fallback_flow&time_view&date_view&appointment_types_view&version&accent_color&background&padding&font&booking_url=https%3A%2F%2Fgreen-keepers.de%2Fen%2Fentwurf-terminbuchung-abholung%2F&booking_post_id=4930&booking_title=Terminbuchung+Abholung&_wpnonce=0c9f230ef8&redirect_post_id&mepr_membership_id#\/\" height=\"400px\" width=\"100%\" name=\"ssa_booking\" loading=\"eager\" frameborder=\"0\" data-skip-lazy=\"1\" class=\"ssa_booking_iframe skip-lazy\" title=\"Book a time\"><\/iframe>\n\n\n<iframe src=\"https:\/\/green-keepers.de\/en\/wp-json\/ssa\/v1\/embed-inner?integration&type=abholtermin-2-2&label&types=6&edit&view&payment_provider&ssa_locale=en_US&ssa_is_rtl&sid=25326cb40b6784abef8bd9eb361f974eac0d8384&availability_start_date&availability_end_date&suggest_first_available&suggest_first_available_within_minutes&flow&fallback_flow&time_view&date_view&appointment_types_view&version&accent_color&background&padding&font&booking_url=https%3A%2F%2Fgreen-keepers.de%2Fen%2Fentwurf-terminbuchung-abholung%2F&booking_post_id=4930&booking_title=Terminbuchung+Abholung&_wpnonce=0c9f230ef8&redirect_post_id&mepr_membership_id#\/\" height=\"400px\" width=\"100%\" name=\"ssa_booking\" loading=\"eager\" frameborder=\"0\" data-skip-lazy=\"1\" class=\"ssa_booking_iframe skip-lazy\" title=\"Book a time\"><\/iframe>\n\n\n\n<p><strong>\ud83d\udcc5 Umstellung der Terminbuchung auf die HanfApp<\/strong><\/p>\n\n\n\n<p>Liebe Mitglieder,<\/p>\n\n\n\n<p>ab dem 29.12. stellen wir die Terminbuchung vollst\u00e4ndig auf die HanfApp um.<\/p>\n\n\n\n<p>Abholtermine k\u00f6nnen dann ausschlie\u00dflich direkt in der App gebucht werden.<\/p>\n\n\n\n<p>\ud83d\udc49 So findet ihr die Terminbuchung in der HanfApp:<\/p>\n\n\n\n<p>Community \u2192 Meine Termine \u2192 \u2026 \u2192 Termin buchen \u2192 Abholtermin \u2192 Termin buchen<\/p>\n\n\n\n<p>Der gro\u00dfe Vorteil:<\/p>\n\n\n\n<p>Termine lassen sich k\u00fcnftig komfortabel selbst durch die Mitglieder buchen, verschieben oder stornieren \u2013 und das zentral an einem Ort in der App.<\/p>\n\n\n\n<p>Die bisherige Terminbuchung \u00fcber termine.green-keepers.de wird nach dem 19.12. deaktiviert und steht anschlie\u00dfend nicht mehr zur Verf\u00fcgung.<\/p>\n\n\n\n<p>Vielen Dank f\u00fcr euer Verst\u00e4ndnis und eure Unterst\u00fctzung \ud83d\udc9a<\/p>\n\n\n\n<p>Euer<\/p>\n\n\n\n<p>Greenkeepers Leipzig e.V. \ud83c\udf31<\/p>\n\n\n\n<p><strong>\ud83d\udcc5 Appointment Booking Moves to the HanfApp<\/strong><\/p>\n\n\n\n<p>Dear members,<\/p>\n\n\n\n<p>starting December 29, we will move appointment booking entirely to the HanfApp.<\/p>\n\n\n\n<p>From that date on, pickup appointments can only be booked directly via the app.<\/p>\n\n\n\n<p>\ud83d\udc49 How to book appointments in the HanfApp:<\/p>\n\n\n\n<p>Community \u2192 My Appointments \u2192 \u2026 \u2192 Book Appointment \u2192 Pickup Appointment \u2192 Book<\/p>\n\n\n\n<p>Main advantage:<\/p>\n\n\n\n<p>Appointments can now be easily booked, rescheduled, or canceled by members themselves \u2013 all in one central place within the app.<\/p>\n\n\n\n<p>The current booking system via termine.green-keepers.de will be deactivated after December 19 and will no longer be available.<\/p>\n\n\n\n<p>Thank you for your understanding and continued support \ud83d\udc9a<\/p>\n\n\n\n<p>Yours,<\/p>\n\n\n\n<p>Greenkeepers Leipzig e.V. \ud83c\udf31<\/p>","protected":false},"excerpt":{"rendered":"<p>\ud83d\udcc5 Umstellung der Terminbuchung auf die HanfApp Liebe Mitglieder, ab dem 29.12. stellen wir die Terminbuchung vollst\u00e4ndig auf die HanfApp um. Abholtermine k\u00f6nnen dann ausschlie\u00dflich direkt in der App gebucht werden. \ud83d\udc49 So findet ihr die Terminbuchung in der HanfApp: Community \u2192 Meine Termine \u2192 \u2026 \u2192 Termin buchen \u2192 Abholtermin \u2192 Termin buchen Der [&hellip;]<\/p>","protected":false},"author":2,"featured_media":0,"parent":0,"menu_order":0,"comment_status":"closed","ping_status":"closed","template":"","meta":{"_uag_custom_page_level_css":"","_themeisle_gutenberg_block_has_review":false,"footnotes":""},"class_list":["post-4930","page","type-page","status-publish","hentry"],"yoast_head":"<!-- This site is optimized with the Yoast SEO plugin v26.1.1 - https:\/\/yoast.com\/wordpress\/plugins\/seo\/ -->\n<title>Terminbuchung Abholung - Anbauvereinigung greenkeepers Leipzig e.V. - Dein Cannabis Social Club - in Leipzig Deine Anbauvereinigung - Dein Cannabis Social Club - in Leipzig<\/title>\n<meta name=\"description\" content=\"Anbauvereinigung greenkeepers Leipzig e.V. - Dein Cannabis Social Club - in Leipzig Terminbuchung Abholung\" \/>\n<meta name=\"robots\" content=\"index, follow, max-snippet:-1, max-image-preview:large, max-video-preview:-1\" \/>\n<link rel=\"canonical\" href=\"https:\/\/green-keepers.de\/en\/entwurf-terminbuchung-abholung\/\" \/>\n<meta property=\"og:locale\" content=\"en_US\" \/>\n<meta property=\"og:type\" content=\"article\" \/>\n<meta property=\"og:title\" content=\"Terminbuchung Abholung - Anbauvereinigung greenkeepers Leipzig e.V. - Dein Cannabis Social Club - in Leipzig Deine Anbauvereinigung - Dein Cannabis Social Club - in Leipzig\" \/>\n<meta property=\"og:description\" content=\"Anbauvereinigung greenkeepers Leipzig e.V. - Dein Cannabis Social Club - in Leipzig Terminbuchung Abholung\" \/>\n<meta property=\"og:url\" content=\"https:\/\/green-keepers.de\/en\/entwurf-terminbuchung-abholung\/\" \/>\n<meta property=\"og:site_name\" content=\"Anbauvereinigung greenkeepers Leipzig e.V. - Dein Cannabis Social Club - in Leipzig\" \/>\n<meta property=\"article:publisher\" content=\"https:\/\/facebook.com\/greenkeepersleipzig\" \/>\n<meta property=\"article:modified_time\" content=\"2025-12-14T13:39:33+00:00\" \/>\n<meta name=\"twitter:card\" content=\"summary_large_image\" \/>\n<meta name=\"twitter:site\" content=\"@greenkeepersLE\" \/>\n<meta name=\"twitter:label1\" content=\"Est. reading time\" \/>\n\t<meta name=\"twitter:data1\" content=\"2 minutes\" \/>\n<script type=\"application\/ld+json\" class=\"yoast-schema-graph\">{\"@context\":\"https:\/\/schema.org\",\"@graph\":[{\"@type\":\"WebPage\",\"@id\":\"https:\/\/green-keepers.de\/entwurf-terminbuchung-abholung\/\",\"url\":\"https:\/\/green-keepers.de\/entwurf-terminbuchung-abholung\/\",\"name\":\"Terminbuchung Abholung - Anbauvereinigung greenkeepers Leipzig e.V. - Dein Cannabis Social Club - in Leipzig Deine Anbauvereinigung - Dein Cannabis Social Club - in Leipzig\",\"isPartOf\":{\"@id\":\"https:\/\/green-keepers.de\/#website\"},\"datePublished\":\"2025-03-31T17:51:29+00:00\",\"dateModified\":\"2025-12-14T13:39:33+00:00\",\"description\":\"Anbauvereinigung greenkeepers Leipzig e.V. - Dein Cannabis Social Club - in Leipzig Terminbuchung Abholung\",\"breadcrumb\":{\"@id\":\"https:\/\/green-keepers.de\/entwurf-terminbuchung-abholung\/#breadcrumb\"},\"inLanguage\":\"en-US\",\"potentialAction\":[{\"@type\":\"ReadAction\",\"target\":[\"https:\/\/green-keepers.de\/entwurf-terminbuchung-abholung\/\"]}]},{\"@type\":\"BreadcrumbList\",\"@id\":\"https:\/\/green-keepers.de\/entwurf-terminbuchung-abholung\/#breadcrumb\",\"itemListElement\":[{\"@type\":\"ListItem\",\"position\":1,\"name\":\"Startseite\",\"item\":\"https:\/\/green-keepers.de\/\"},{\"@type\":\"ListItem\",\"position\":2,\"name\":\"Terminbuchung Abholung\"}]},{\"@type\":\"WebSite\",\"@id\":\"https:\/\/green-keepers.de\/#website\",\"url\":\"https:\/\/green-keepers.de\/\",\"name\":\"Anbauvereinigung greenkeepers Leipzig e.V. - Dein Cannabis Social Club - in Leipzig\",\"description\":\"Deine Anbauvereinigung - Dein Cannabis Social Club -  in Leipzig\",\"publisher\":{\"@id\":\"https:\/\/green-keepers.de\/#organization\"},\"potentialAction\":[{\"@type\":\"SearchAction\",\"target\":{\"@type\":\"EntryPoint\",\"urlTemplate\":\"https:\/\/green-keepers.de\/?s={search_term_string}\"},\"query-input\":{\"@type\":\"PropertyValueSpecification\",\"valueRequired\":true,\"valueName\":\"search_term_string\"}}],\"inLanguage\":\"en-US\"},{\"@type\":\"Organization\",\"@id\":\"https:\/\/green-keepers.de\/#organization\",\"name\":\"Anbauvereinigung greenkeepers Leipzig e.V.\",\"alternateName\":\"greenkeepers cannabis social club Leipzig\",\"url\":\"https:\/\/green-keepers.de\/\",\"logo\":{\"@type\":\"ImageObject\",\"inLanguage\":\"en-US\",\"@id\":\"https:\/\/green-keepers.de\/#\/schema\/logo\/image\/\",\"url\":\"https:\/\/green-keepers.de\/wp-content\/uploads\/2025\/09\/nur-logosmall-scaled.png\",\"contentUrl\":\"https:\/\/green-keepers.de\/wp-content\/uploads\/2025\/09\/nur-logosmall-scaled.png\",\"width\":2560,\"height\":2560,\"caption\":\"Anbauvereinigung greenkeepers Leipzig e.V.\"},\"image\":{\"@id\":\"https:\/\/green-keepers.de\/#\/schema\/logo\/image\/\"},\"sameAs\":[\"https:\/\/facebook.com\/greenkeepersleipzig\",\"https:\/\/x.com\/greenkeepersLE\",\"https:\/\/instagram.com\/greenkeepersleipzig\"]}]}<\/script>\n<!-- \/ Yoast SEO plugin. -->","yoast_head_json":{"title":"Terminbuchung Abholung - Anbauvereinigung greenkeepers Leipzig e.V. - Dein Cannabis Social Club - in Leipzig Deine Anbauvereinigung - Dein Cannabis Social Club - in Leipzig","description":"Anbauvereinigung greenkeepers Leipzig e.V. - Dein Cannabis Social Club - in Leipzig Terminbuchung Abholung","robots":{"index":"index","follow":"follow","max-snippet":"max-snippet:-1","max-image-preview":"max-image-preview:large","max-video-preview":"max-video-preview:-1"},"canonical":"https:\/\/green-keepers.de\/en\/entwurf-terminbuchung-abholung\/","og_locale":"en_US","og_type":"article","og_title":"Terminbuchung Abholung - Anbauvereinigung greenkeepers Leipzig e.V. - Dein Cannabis Social Club - in Leipzig Deine Anbauvereinigung - Dein Cannabis Social Club - in Leipzig","og_description":"Anbauvereinigung greenkeepers Leipzig e.V. - Dein Cannabis Social Club - in Leipzig Terminbuchung Abholung","og_url":"https:\/\/green-keepers.de\/en\/entwurf-terminbuchung-abholung\/","og_site_name":"Anbauvereinigung greenkeepers Leipzig e.V. - Dein Cannabis Social Club - in Leipzig","article_publisher":"https:\/\/facebook.com\/greenkeepersleipzig","article_modified_time":"2025-12-14T13:39:33+00:00","twitter_card":"summary_large_image","twitter_site":"@greenkeepersLE","twitter_misc":{"Est. reading time":"2 minutes"},"schema":{"@context":"https:\/\/schema.org","@graph":[{"@type":"WebPage","@id":"https:\/\/green-keepers.de\/entwurf-terminbuchung-abholung\/","url":"https:\/\/green-keepers.de\/entwurf-terminbuchung-abholung\/","name":"Terminbuchung Abholung - Anbauvereinigung greenkeepers Leipzig e.V. - Dein Cannabis Social Club - in Leipzig Deine Anbauvereinigung - Dein Cannabis Social Club - in Leipzig","isPartOf":{"@id":"https:\/\/green-keepers.de\/#website"},"datePublished":"2025-03-31T17:51:29+00:00","dateModified":"2025-12-14T13:39:33+00:00","description":"Anbauvereinigung greenkeepers Leipzig e.V. - Dein Cannabis Social Club - in Leipzig Terminbuchung Abholung","breadcrumb":{"@id":"https:\/\/green-keepers.de\/entwurf-terminbuchung-abholung\/#breadcrumb"},"inLanguage":"en-US","potentialAction":[{"@type":"ReadAction","target":["https:\/\/green-keepers.de\/entwurf-terminbuchung-abholung\/"]}]},{"@type":"BreadcrumbList","@id":"https:\/\/green-keepers.de\/entwurf-terminbuchung-abholung\/#breadcrumb","itemListElement":[{"@type":"ListItem","position":1,"name":"Startseite","item":"https:\/\/green-keepers.de\/"},{"@type":"ListItem","position":2,"name":"Terminbuchung Abholung"}]},{"@type":"WebSite","@id":"https:\/\/green-keepers.de\/#website","url":"https:\/\/green-keepers.de\/","name":"Anbauvereinigung greenkeepers Leipzig e.V. - Dein Cannabis Social Club - in Leipzig","description":"Deine Anbauvereinigung - Dein Cannabis Social Club -  in Leipzig","publisher":{"@id":"https:\/\/green-keepers.de\/#organization"},"potentialAction":[{"@type":"SearchAction","target":{"@type":"EntryPoint","urlTemplate":"https:\/\/green-keepers.de\/?s={search_term_string}"},"query-input":{"@type":"PropertyValueSpecification","valueRequired":true,"valueName":"search_term_string"}}],"inLanguage":"en-US"},{"@type":"Organization","@id":"https:\/\/green-keepers.de\/#organization","name":"Anbauvereinigung greenkeepers Leipzig e.V.","alternateName":"greenkeepers cannabis social club Leipzig","url":"https:\/\/green-keepers.de\/","logo":{"@type":"ImageObject","inLanguage":"en-US","@id":"https:\/\/green-keepers.de\/#\/schema\/logo\/image\/","url":"https:\/\/green-keepers.de\/wp-content\/uploads\/2025\/09\/nur-logosmall-scaled.png","contentUrl":"https:\/\/green-keepers.de\/wp-content\/uploads\/2025\/09\/nur-logosmall-scaled.png","width":2560,"height":2560,"caption":"Anbauvereinigung greenkeepers Leipzig e.V."},"image":{"@id":"https:\/\/green-keepers.de\/#\/schema\/logo\/image\/"},"sameAs":["https:\/\/facebook.com\/greenkeepersleipzig","https:\/\/x.com\/greenkeepersLE","https:\/\/instagram.com\/greenkeepersleipzig"]}]}},"acf":[],"uagb_featured_image_src":{"full":false,"thumbnail":false,"medium":false,"medium_large":false,"large":false,"1536x1536":false,"2048x2048":false,"trp-custom-language-flag":false,"mailpoet_newsletter_max":false,"woocommerce_thumbnail":false,"woocommerce_single":false,"woocommerce_gallery_thumbnail":false},"uagb_author_info":{"display_name":"Sebastian Koch","author_link":"https:\/\/green-keepers.de\/en\/author\/sebastian\/"},"uagb_comment_info":0,"uagb_excerpt":"\ud83d\udcc5 Umstellung der Terminbuchung auf die HanfApp Liebe Mitglieder, ab dem 29.12. stellen wir die Terminbuchung vollst\u00e4ndig auf die HanfApp um. Abholtermine k\u00f6nnen dann ausschlie\u00dflich direkt in der App gebucht werden. \ud83d\udc49 So findet ihr die Terminbuchung in der HanfApp: Community \u2192 Meine Termine \u2192 \u2026 \u2192 Termin buchen \u2192 Abholtermin \u2192 Termin buchen Der&hellip;","_links":{"self":[{"href":"https:\/\/green-keepers.de\/en\/wp-json\/wp\/v2\/pages\/4930","targetHints":{"allow":["GET"]}}],"collection":[{"href":"https:\/\/green-keepers.de\/en\/wp-json\/wp\/v2\/pages"}],"about":[{"href":"https:\/\/green-keepers.de\/en\/wp-json\/wp\/v2\/types\/page"}],"author":[{"embeddable":true,"href":"https:\/\/green-keepers.de\/en\/wp-json\/wp\/v2\/users\/2"}],"replies":[{"embeddable":true,"href":"https:\/\/green-keepers.de\/en\/wp-json\/wp\/v2\/comments?post=4930"}],"version-history":[{"count":8,"href":"https:\/\/green-keepers.de\/en\/wp-json\/wp\/v2\/pages\/4930\/revisions"}],"predecessor-version":[{"id":5514,"href":"https:\/\/green-keepers.de\/en\/wp-json\/wp\/v2\/pages\/4930\/revisions\/5514"}],"wp:attachment":[{"href":"https:\/\/green-keepers.de\/en\/wp-json\/wp\/v2\/media?parent=4930"}],"curies":[{"name":"wp","href":"https:\/\/api.w.org\/{rel}","templated":true}]}}